{"id":71646,"date":"2024-02-07T19:00:27","date_gmt":"2024-02-07T18:00:27","guid":{"rendered":"https:\/\/payrollinspain.com\/funktionsweise\/"},"modified":"2024-03-19T18:23:20","modified_gmt":"2024-03-19T17:23:20","slug":"funktionsweise","status":"publish","type":"page","link":"https:\/\/payrollinspain.com\/de\/funktionsweise\/","title":{"rendered":"Funktionsweise"},"content":{"rendered":"<p>[et_pb_section fb_built=&#8220;1&#8243; _builder_version=&#8220;4.24.0&#8243; _module_preset=&#8220;default&#8220; background_enable_image=&#8220;off&#8220; background_position=&#8220;top_center&#8220; custom_margin=&#8220;0px||0px||false|false&#8220; custom_padding=&#8220;0px||0px||false|false&#8220; global_colors_info=&#8220;{}&#8220;][et_pb_row _builder_version=&#8220;4.24.0&#8243; _module_preset=&#8220;default&#8220; width=&#8220;100%&#8220; max_width=&#8220;100%&#8220; custom_margin=&#8220;0px||0px||false|false&#8220; custom_padding=&#8220;0px||0px||false|false&#8220; global_colors_info=&#8220;{}&#8220;][et_pb_column type=&#8220;4_4&#8243; _builder_version=&#8220;4.24.0&#8243; _module_preset=&#8220;default&#8220; global_colors_info=&#8220;{}&#8220;][et_pb_image src=&#8220;https:\/\/payrollinspain.com\/wp-content\/uploads\/2024\/02\/banner-how-it-works-1.jpg&#8220; title_text=&#8220;Funktionsweise&#8220; _builder_version=&#8220;4.24.0&#8243; _module_preset=&#8220;default&#8220; hover_enabled=&#8220;0&#8243; global_colors_info=&#8220;{}&#8220; alt=&#8220;Funktionsweise&#8220; align=&#8220;center&#8220; force_fullwidth=&#8220;on&#8220; sticky_enabled=&#8220;0&#8243;][\/et_pb_image][\/et_pb_column][\/et_pb_row][\/et_pb_section][et_pb_section fb_built=&#8220;1&#8243; _builder_version=&#8220;4.24.0&#8243; _module_preset=&#8220;default&#8220; custom_padding=&#8220;40px||40px||false|false&#8220; global_colors_info=&#8220;{}&#8220;][et_pb_row _builder_version=&#8220;4.24.0&#8243; _module_preset=&#8220;default&#8220; width=&#8220;90%&#8220; max_width=&#8220;1170px&#8220; global_colors_info=&#8220;{}&#8220;][et_pb_column type=&#8220;4_4&#8243; _builder_version=&#8220;4.24.0&#8243; _module_preset=&#8220;default&#8220; global_colors_info=&#8220;{}&#8220;][et_pb_heading title=&#8220;Funktionsweise&#8220; _builder_version=&#8220;4.24.0&#8243; _module_preset=&#8220;default&#8220; title_font=&#8220;|800|||||||&#8220; title_text_align=&#8220;center&#8220; title_text_color=&#8220;#00afd7&#8243; title_font_size=&#8220;45px&#8220; global_colors_info=&#8220;{}&#8220;][\/et_pb_heading][et_pb_toggle title=&#8220;Schritt 1: Allgemeine Anfragen&#8220; open_toggle_text_color=&#8220;#000000&#8243; closed_toggle_text_color=&#8220;#000000&#8243; icon_color=&#8220;#00afd7&#8243; toggle_icon=&#8220;&#xf055;||fa||900&#8243; use_icon_font_size=&#8220;on&#8220; icon_font_size=&#8220;22px&#8220; open_icon_color=&#8220;#00afd7&#8243; open_toggle_icon=&#8220;&#xf056;||fa||900&#8243; open_use_icon_font_size=&#8220;on&#8220; open_icon_font_size=&#8220;25px&#8220; module_class=&#8220;pa-toggle-icon-left&#8220; _builder_version=&#8220;4.24.0&#8243; _module_preset=&#8220;default&#8220; title_font=&#8220;|700|||||||&#8220; closed_title_font=&#8220;|700|||||||&#8220; background_color=&#8220;#FFFFFF&#8220; custom_margin=&#8220;||||false|false&#8220; custom_padding=&#8220;||||false|false&#8220; border_radii=&#8220;on|7px|7px|7px|7px&#8220; global_colors_info=&#8220;{}&#8220;]<\/p>\n<p style=\"text-align: justify;\"><span>F\u00fcr allgemeine Anfragen zu unseren Dienstleistungen sehen Sie sich bitte das <\/span><a href=\"http:\/\/www.stmworldwide.com\/sign-up-form-general-enquiries.html\" target=\"_blank\" rel=\"noopener\">Allgemeine Anfrageformular<\/a><span>. an. In diesem Formular bitten wir Sie darum, Ihre Anfrage genauer zu formulieren. Wir geben Ihnen innerhalb von 12 Arbeitsstunden Antwort.<\/span><\/p>\n<p>[\/et_pb_toggle][et_pb_toggle title=&#8220;Schritt 2: Beratungsphase&#8220; open_toggle_text_color=&#8220;#000000&#8243; closed_toggle_text_color=&#8220;#000000&#8243; icon_color=&#8220;#00afd7&#8243; toggle_icon=&#8220;&#xf055;||fa||900&#8243; use_icon_font_size=&#8220;on&#8220; icon_font_size=&#8220;22px&#8220; open_icon_color=&#8220;#00afd7&#8243; open_toggle_icon=&#8220;&#xf056;||fa||900&#8243; module_class=&#8220;pa-toggle-icon-left&#8220; _builder_version=&#8220;4.24.0&#8243; _module_preset=&#8220;default&#8220; title_font=&#8220;|700|||||||&#8220; closed_title_font=&#8220;|700|||||||&#8220; background_color=&#8220;#FFFFFF&#8220; border_radii=&#8220;on|7px|7px|7px|7px&#8220; global_colors_info=&#8220;{}&#8220;]<\/p>\n<p style=\"text-align: justify;\"><strong>Buchen Sie eine Beratung<\/strong><\/p>\n<p style=\"text-align: justify;\">Sobald Sie entschieden haben, dass Sie an unseren Dienstleistungen interessiert sind, senden Sie uns eine E-Mail. Wir ben\u00f6tigen einige Daten, um uns mit Ihnen in Verbindung setzten zu k\u00f6nnen. Ihre Daten werden vertraulich behandelt und nicht kommerziell verwendet.<\/p>\n<p style=\"text-align: justify;\">Nachdem Sie uns Ihre E-Mail gesendet haben, erhalten Sie eine Antwort, in der Ihre Fragen beantwortet werden. Nur die erste E-Mail ist kostenlos. Mit dieser ersten E-Mail erhalten Sie auch Informationen zur Zahlungsweise. Die Zahlung kann per Bank\u00fcberweisung erfolgen. Falls Sie unser Kunde werden, wird Ihnen der erste Betrag von Ihren monatlichen Zahlungen abgezogen.<\/p>\n<p style=\"text-align: justify;\"><strong>Analyse<\/strong><\/p>\n<p style=\"text-align: justify;\">Nach der Zahlung beantworten wir bis zu 10 E-Mails und erstellen Ihnen einen Vorschlag. Manchmal schlagen wir weitere kostenpflichtige Recherchen vor, wenn Ihre Umst\u00e4nde komplex und ungew\u00f6hnlich sind.<\/p>\n<p style=\"text-align: justify;\"><strong>Recherchen<\/strong><\/p>\n<p style=\"text-align: justify;\">Recherchen werden f\u00fcr ungew\u00f6hnlich komplexe Angelegenheiten oder f\u00fcr Projekte durchgef\u00fchrt, f\u00fcr die spezielle Kenntnisse notwendig sind.<\/p>\n<p style=\"text-align: justify;\"><strong>Vorschlag<\/strong><\/p>\n<p style=\"text-align: justify;\">Wir erstellen einen Vorschlag f\u00fcr Ihr Projekt. Dieser basiert auf einer Monatspauschale und m\u00f6glichen zus\u00e4tzlichen Beratungselementen. Wir senden Ihnen diesen Vorschlag und warten auf Ihre Zustimmung.<\/p>\n<p>[\/et_pb_toggle][et_pb_toggle title=&#8220;Schritt 3: Bestellung und Datenfeststellung&#8220; open_toggle_text_color=&#8220;#000000&#8243; closed_toggle_text_color=&#8220;#000000&#8243; icon_color=&#8220;#00afd7&#8243; toggle_icon=&#8220;&#xf055;||fa||900&#8243; use_icon_font_size=&#8220;on&#8220; icon_font_size=&#8220;22px&#8220; open_icon_color=&#8220;#00afd7&#8243; open_toggle_icon=&#8220;&#xf056;||fa||900&#8243; open_use_icon_font_size=&#8220;on&#8220; open_icon_font_size=&#8220;25px&#8220; module_class=&#8220;pa-toggle-icon-left&#8220; _builder_version=&#8220;4.24.0&#8243; _module_preset=&#8220;default&#8220; title_font=&#8220;|700|||||||&#8220; closed_title_font=&#8220;|700|||||||&#8220; background_color=&#8220;#FFFFFF&#8220; border_radii=&#8220;on|7px|7px|7px|7px&#8220; global_colors_info=&#8220;{}&#8220;]<\/p>\n<p style=\"text-align: justify;\"><strong>Einsenden des Bestellformulars<\/strong><\/p>\n<p style=\"text-align: justify;\">Sobald Sie mit unserem Vorschlag einverstanden sind, senden Sie ihn uns mit Ihrer Unterschrift und Ihren Daten zur\u00fcck. Der Vorschlag enth\u00e4lt alle detaillierten Angaben, die wir von Ihnen ben\u00f6tigen, z. B. den Unternehmensnamen, die Angestellten, die Aktion\u00e4re usw.<\/p>\n<p style=\"text-align: justify;\"><strong>\u00dcbermittlung von Ausweisdokumente<\/strong><\/p>\n<p style=\"text-align: justify;\">Sie m\u00fcssen uns au\u00dferdem Ausweisdokumente zukommen lassen. Dies ist notwendig, um die Gesetze zur Geldw\u00e4schebek\u00e4mpfung und andere gesetzliche Auflagen zu erf\u00fcllen.<\/p>\n<p>[\/et_pb_toggle][et_pb_toggle title=&#8220;Schritt 4: Einrichtung des Unternehmens&#8220; open_toggle_text_color=&#8220;#000000&#8243; icon_color=&#8220;#00afd7&#8243; toggle_icon=&#8220;&#xf055;||fa||900&#8243; use_icon_font_size=&#8220;on&#8220; icon_font_size=&#8220;22px&#8220; open_icon_color=&#8220;#00afd7&#8243; open_toggle_icon=&#8220;&#xf056;||fa||900&#8243; open_use_icon_font_size=&#8220;on&#8220; open_icon_font_size=&#8220;25px&#8220; module_class=&#8220;pa-toggle-icon-left&#8220; _builder_version=&#8220;4.24.0&#8243; _module_preset=&#8220;default&#8220; title_text_color=&#8220;#000000&#8243; title_font=&#8220;|700|||||||&#8220; closed_title_font=&#8220;|700|||||||&#8220; background_color=&#8220;#FFFFFF&#8220; border_radii=&#8220;on|7px|7px|7px|7px&#8220; global_colors_info=&#8220;{}&#8220;]<\/p>\n<p style=\"text-align: justify;\"><strong>Eingliederung in unser System<\/strong><\/p>\n<p style=\"text-align: justify;\">Das Unternehmen wird eingegliedert. Das dauert gew\u00f6hnlich 24 Stunden.<\/p>\n<p style=\"text-align: justify;\"><strong>Einrichtung des virtuellen B\u00fcros<\/strong><\/p>\n<p style=\"text-align: justify;\">Wir k\u00f6nnen Ihnen unser B\u00fcro als Ihr spanisches virtuelles B\u00fcro anbieten. Viele Unternehmen ben\u00f6tigen eine Postanschrift in Spanien, um dort arbeiten zu k\u00f6nnen (f\u00fcr das Finanzamt ist diese notwendig). Wir k\u00f6nnen auch Ihr gesetzlicher Vertreter werden, falls dies notwendig ist.<\/p>\n<p>[\/et_pb_toggle][et_pb_toggle title=&#8220;Schritt 5: Permanente Kundenpflege&#8220; open_toggle_text_color=&#8220;#000000&#8243; icon_color=&#8220;#00afd7&#8243; toggle_icon=&#8220;&#xf055;||fa||900&#8243; use_icon_font_size=&#8220;on&#8220; icon_font_size=&#8220;22px&#8220; open_icon_color=&#8220;#00afd7&#8243; open_toggle_icon=&#8220;&#xf056;||fa||900&#8243; open_use_icon_font_size=&#8220;on&#8220; open_icon_font_size=&#8220;25px&#8220; module_class=&#8220;pa-toggle-icon-left&#8220; _builder_version=&#8220;4.24.0&#8243; _module_preset=&#8220;default&#8220; title_text_color=&#8220;#000000&#8243; title_font=&#8220;|700|||||||&#8220; closed_title_font=&#8220;|700|||||||&#8220; background_color=&#8220;#FFFFFF&#8220; border_radii=&#8220;on|7px|7px|7px|7px&#8220; global_colors_info=&#8220;{}&#8220;]<\/p>\n<p style=\"text-align: justify;\"><strong>Support<\/strong><\/p>\n<p style=\"text-align: justify;\">Wir stellen Ihnen unbegrenzt Unterst\u00fctzung zur Verf\u00fcgung, Sie m\u00fcssen uns nur anrufen oder uns eine E-Mail schicken, wenn Sie eine Frage haben.<\/p>\n<p style=\"text-align: justify;\"><strong>Lohn- und Gehaltsabwicklung<\/strong><\/p>\n<p style=\"text-align: justify;\">Wir informieren Sie monatlich \u00fcber die Anforderungen f\u00fcr Ihre Lohn- und Gehaltsabwicklung und f\u00fchren die zugeh\u00f6rige Abrechnung f\u00fcr Ihr Unternehmen durch. Sie stehen in st\u00e4ndigem Kontakt mit unseren Sachbearbeitern f\u00fcr die Lohn- und Gehaltsabwicklung.<\/p>\n<p style=\"text-align: justify;\"><strong>Buchf\u00fchrung<\/strong><\/p>\n<p style=\"text-align: justify;\">Senden Sie uns einfach nur Kopien Ihrer Dokumente zu, und unsere Buchhalter erledigen den Rest in unserem Online-System.<\/p>\n<p style=\"text-align: justify;\"><strong>Rechnungswesen<\/strong><\/p>\n<p style=\"text-align: justify;\">Wir bereiten Finanzberichte wie Gewinn- und Verlustrechnung und Bilanz regelm\u00e4\u00dfig vor.<\/p>\n<p style=\"text-align: justify;\"><strong>Umsatzsteuervoranmeldung<\/strong><\/p>\n<p style=\"text-align: justify;\">Unsere qualifizierten spanischen Buchhalter bereiten Ihre viertelj\u00e4hrliche Umsatzsteuervoranmeldung f\u00fcr das Finanzamt vor.<\/p>\n<p>[\/et_pb_toggle][et_pb_toggle title=&#8220;Schritt 6: Finanzberichte und Steuererkl\u00e4rungen&#8220; open_toggle_text_color=&#8220;#000000&#8243; icon_color=&#8220;#00afd7&#8243; toggle_icon=&#8220;&#xf055;||fa||900&#8243; use_icon_font_size=&#8220;on&#8220; icon_font_size=&#8220;22px&#8220; open_icon_color=&#8220;#00afd7&#8243; open_toggle_icon=&#8220;&#xf056;||fa||900&#8243; open_use_icon_font_size=&#8220;on&#8220; open_icon_font_size=&#8220;25px&#8220; module_class=&#8220;pa-toggle-icon-left&#8220; _builder_version=&#8220;4.24.0&#8243; _module_preset=&#8220;default&#8220; title_text_color=&#8220;#000000&#8243; title_font=&#8220;|700|||||||&#8220; background_color=&#8220;#FFFFFF&#8220; border_radii=&#8220;on|7px|7px|7px|7px&#8220; global_colors_info=&#8220;{}&#8220;]<\/p>\n<p style=\"text-align: justify;\"><span>Am Ende jedes Gesch\u00e4ftsjahres erstellen unsere qualifizierten spanischen Buchhalter Ihren Jahresabschluss und Ihre Steuererkl\u00e4rung f\u00fcr das Finanzamt.<\/span><\/p>\n<p>[\/et_pb_toggle][\/et_pb_column][\/et_pb_row][\/et_pb_section]<\/p>\n","protected":false},"excerpt":{"rendered":"<p>F\u00fcr allgemeine Anfragen zu unseren Dienstleistungen sehen Sie sich bitte das Allgemeine Anfrageformular. an. In diesem Formular bitten wir Sie darum, Ihre Anfrage genauer zu formulieren. Wir geben Ihnen innerhalb von 12 Arbeitsstunden Antwort.Buchen Sie eine Beratung Sobald Sie entschieden haben, dass Sie an unseren Dienstleistungen interessiert sind, senden Sie uns eine E-Mail. Wir ben\u00f6tigen [&hellip;]<\/p>\n","protected":false},"author":1,"featured_media":0,"parent":0,"menu_order":4,"comment_status":"closed","ping_status":"closed","template":"","meta":{"_et_pb_use_builder":"on","_et_pb_old_content":"","_et_gb_content_width":"","footnotes":""},"class_list":["post-71646","page","type-page","status-publish","hentry"],"yoast_head":"<!-- This site is optimized with the Yoast SEO plugin v27.4 - https:\/\/yoast.com\/product\/yoast-seo-wordpress\/ -->\n<title>Funktionsweise - Payroll in Spain<\/title>\n<meta name=\"description\" content=\"Um f\u00fcr alle Kunden hohe Qualit\u00e4ts- und Servicestandards zu gew\u00e4hrleisten, haben wir ein Verfahren entwickelt, das wir bei der Aufnahme eines neuen Kunden anwenden. Er besteht im Wesentlichen aus sechs Schritten.\" \/>\n<meta name=\"robots\" content=\"index, follow, max-snippet:-1, max-image-preview:large, max-video-preview:-1\" \/>\n<link rel=\"canonical\" href=\"https:\/\/payrollinspain.com\/how-it-works\/\" \/>\n<meta property=\"og:locale\" content=\"de_DE\" \/>\n<meta property=\"og:type\" content=\"article\" \/>\n<meta property=\"og:title\" content=\"Funktionsweise - Payroll in Spain\" \/>\n<meta property=\"og:description\" content=\"Um f\u00fcr alle Kunden hohe Qualit\u00e4ts- und Servicestandards zu gew\u00e4hrleisten, haben wir ein Verfahren entwickelt, das wir bei der Aufnahme eines neuen Kunden anwenden. Er besteht im Wesentlichen aus sechs Schritten.\" \/>\n<meta property=\"og:url\" content=\"https:\/\/payrollinspain.com\/how-it-works\/\" \/>\n<meta property=\"og:site_name\" content=\"Payroll in Spain\" \/>\n<meta property=\"article:modified_time\" content=\"2024-03-19T17:23:20+00:00\" \/>\n<meta name=\"twitter:card\" content=\"summary_large_image\" \/>\n<meta name=\"twitter:label1\" content=\"Gesch\u00e4tzte Lesezeit\" \/>\n\t<meta name=\"twitter:data1\" content=\"6\u00a0Minuten\" \/>\n<script type=\"application\/ld+json\" class=\"yoast-schema-graph\">{\"@context\":\"https:\\\/\\\/schema.org\",\"@graph\":[{\"@type\":\"WebPage\",\"@id\":\"https:\\\/\\\/payrollinspain.com\\\/how-it-works\\\/\",\"url\":\"https:\\\/\\\/payrollinspain.com\\\/how-it-works\\\/\",\"name\":\"Funktionsweise - Payroll in Spain\",\"isPartOf\":{\"@id\":\"https:\\\/\\\/payrollinspain.com\\\/#website\"},\"datePublished\":\"2024-02-07T18:00:27+00:00\",\"dateModified\":\"2024-03-19T17:23:20+00:00\",\"description\":\"Um f\u00fcr alle Kunden hohe Qualit\u00e4ts- und Servicestandards zu gew\u00e4hrleisten, haben wir ein Verfahren entwickelt, das wir bei der Aufnahme eines neuen Kunden anwenden. Er besteht im Wesentlichen aus sechs Schritten.\",\"breadcrumb\":{\"@id\":\"https:\\\/\\\/payrollinspain.com\\\/how-it-works\\\/#breadcrumb\"},\"inLanguage\":\"de\",\"potentialAction\":[{\"@type\":\"ReadAction\",\"target\":[\"https:\\\/\\\/payrollinspain.com\\\/how-it-works\\\/\"]}]},{\"@type\":\"BreadcrumbList\",\"@id\":\"https:\\\/\\\/payrollinspain.com\\\/how-it-works\\\/#breadcrumb\",\"itemListElement\":[{\"@type\":\"ListItem\",\"position\":1,\"name\":\"Home\",\"item\":\"https:\\\/\\\/payrollinspain.com\\\/\"},{\"@type\":\"ListItem\",\"position\":2,\"name\":\"Funktionsweise\"}]},{\"@type\":\"WebSite\",\"@id\":\"https:\\\/\\\/payrollinspain.com\\\/#website\",\"url\":\"https:\\\/\\\/payrollinspain.com\\\/\",\"name\":\"Payroll in Spain\",\"description\":\"\",\"publisher\":{\"@id\":\"https:\\\/\\\/payrollinspain.com\\\/#organization\"},\"potentialAction\":[{\"@type\":\"SearchAction\",\"target\":{\"@type\":\"EntryPoint\",\"urlTemplate\":\"https:\\\/\\\/payrollinspain.com\\\/?s={search_term_string}\"},\"query-input\":{\"@type\":\"PropertyValueSpecification\",\"valueRequired\":true,\"valueName\":\"search_term_string\"}}],\"inLanguage\":\"de\"},{\"@type\":\"Organization\",\"@id\":\"https:\\\/\\\/payrollinspain.com\\\/#organization\",\"name\":\"Payroll in Spain\",\"url\":\"https:\\\/\\\/payrollinspain.com\\\/\",\"logo\":{\"@type\":\"ImageObject\",\"inLanguage\":\"de\",\"@id\":\"https:\\\/\\\/payrollinspain.com\\\/#\\\/schema\\\/logo\\\/image\\\/\",\"url\":\"https:\\\/\\\/payrollinspain.com\\\/wp-content\\\/uploads\\\/2024\\\/03\\\/LogoPrincipalRGB.jpg\",\"contentUrl\":\"https:\\\/\\\/payrollinspain.com\\\/wp-content\\\/uploads\\\/2024\\\/03\\\/LogoPrincipalRGB.jpg\",\"width\":841,\"height\":250,\"caption\":\"Payroll in Spain\"},\"image\":{\"@id\":\"https:\\\/\\\/payrollinspain.com\\\/#\\\/schema\\\/logo\\\/image\\\/\"},\"sameAs\":[\"https:\\\/\\\/www.youtube.com\\\/@rosclarsl6877\"]}]}<\/script>\n<!-- \/ Yoast SEO plugin. -->","yoast_head_json":{"title":"Funktionsweise - Payroll in Spain","description":"Um f\u00fcr alle Kunden hohe Qualit\u00e4ts- und Servicestandards zu gew\u00e4hrleisten, haben wir ein Verfahren entwickelt, das wir bei der Aufnahme eines neuen Kunden anwenden. Er besteht im Wesentlichen aus sechs Schritten.","robots":{"index":"index","follow":"follow","max-snippet":"max-snippet:-1","max-image-preview":"max-image-preview:large","max-video-preview":"max-video-preview:-1"},"canonical":"https:\/\/payrollinspain.com\/how-it-works\/","og_locale":"de_DE","og_type":"article","og_title":"Funktionsweise - Payroll in Spain","og_description":"Um f\u00fcr alle Kunden hohe Qualit\u00e4ts- und Servicestandards zu gew\u00e4hrleisten, haben wir ein Verfahren entwickelt, das wir bei der Aufnahme eines neuen Kunden anwenden. Er besteht im Wesentlichen aus sechs Schritten.","og_url":"https:\/\/payrollinspain.com\/how-it-works\/","og_site_name":"Payroll in Spain","article_modified_time":"2024-03-19T17:23:20+00:00","twitter_card":"summary_large_image","twitter_misc":{"Gesch\u00e4tzte Lesezeit":"6\u00a0Minuten"},"schema":{"@context":"https:\/\/schema.org","@graph":[{"@type":"WebPage","@id":"https:\/\/payrollinspain.com\/how-it-works\/","url":"https:\/\/payrollinspain.com\/how-it-works\/","name":"Funktionsweise - Payroll in Spain","isPartOf":{"@id":"https:\/\/payrollinspain.com\/#website"},"datePublished":"2024-02-07T18:00:27+00:00","dateModified":"2024-03-19T17:23:20+00:00","description":"Um f\u00fcr alle Kunden hohe Qualit\u00e4ts- und Servicestandards zu gew\u00e4hrleisten, haben wir ein Verfahren entwickelt, das wir bei der Aufnahme eines neuen Kunden anwenden. Er besteht im Wesentlichen aus sechs Schritten.","breadcrumb":{"@id":"https:\/\/payrollinspain.com\/how-it-works\/#breadcrumb"},"inLanguage":"de","potentialAction":[{"@type":"ReadAction","target":["https:\/\/payrollinspain.com\/how-it-works\/"]}]},{"@type":"BreadcrumbList","@id":"https:\/\/payrollinspain.com\/how-it-works\/#breadcrumb","itemListElement":[{"@type":"ListItem","position":1,"name":"Home","item":"https:\/\/payrollinspain.com\/"},{"@type":"ListItem","position":2,"name":"Funktionsweise"}]},{"@type":"WebSite","@id":"https:\/\/payrollinspain.com\/#website","url":"https:\/\/payrollinspain.com\/","name":"Payroll in Spain","description":"","publisher":{"@id":"https:\/\/payrollinspain.com\/#organization"},"potentialAction":[{"@type":"SearchAction","target":{"@type":"EntryPoint","urlTemplate":"https:\/\/payrollinspain.com\/?s={search_term_string}"},"query-input":{"@type":"PropertyValueSpecification","valueRequired":true,"valueName":"search_term_string"}}],"inLanguage":"de"},{"@type":"Organization","@id":"https:\/\/payrollinspain.com\/#organization","name":"Payroll in Spain","url":"https:\/\/payrollinspain.com\/","logo":{"@type":"ImageObject","inLanguage":"de","@id":"https:\/\/payrollinspain.com\/#\/schema\/logo\/image\/","url":"https:\/\/payrollinspain.com\/wp-content\/uploads\/2024\/03\/LogoPrincipalRGB.jpg","contentUrl":"https:\/\/payrollinspain.com\/wp-content\/uploads\/2024\/03\/LogoPrincipalRGB.jpg","width":841,"height":250,"caption":"Payroll in Spain"},"image":{"@id":"https:\/\/payrollinspain.com\/#\/schema\/logo\/image\/"},"sameAs":["https:\/\/www.youtube.com\/@rosclarsl6877"]}]}},"_links":{"self":[{"href":"https:\/\/payrollinspain.com\/de\/wp-json\/wp\/v2\/pages\/71646","targetHints":{"allow":["GET"]}}],"collection":[{"href":"https:\/\/payrollinspain.com\/de\/wp-json\/wp\/v2\/pages"}],"about":[{"href":"https:\/\/payrollinspain.com\/de\/wp-json\/wp\/v2\/types\/page"}],"author":[{"embeddable":true,"href":"https:\/\/payrollinspain.com\/de\/wp-json\/wp\/v2\/users\/1"}],"replies":[{"embeddable":true,"href":"https:\/\/payrollinspain.com\/de\/wp-json\/wp\/v2\/comments?post=71646"}],"version-history":[{"count":4,"href":"https:\/\/payrollinspain.com\/de\/wp-json\/wp\/v2\/pages\/71646\/revisions"}],"predecessor-version":[{"id":71809,"href":"https:\/\/payrollinspain.com\/de\/wp-json\/wp\/v2\/pages\/71646\/revisions\/71809"}],"wp:attachment":[{"href":"https:\/\/payrollinspain.com\/de\/wp-json\/wp\/v2\/media?parent=71646"}],"curies":[{"name":"wp","href":"https:\/\/api.w.org\/{rel}","templated":true}]}}