{"id":71643,"date":"2024-02-07T18:58:39","date_gmt":"2024-02-07T17:58:39","guid":{"rendered":"https:\/\/payrollinspain.com\/dienstverlening\/"},"modified":"2024-02-28T11:40:29","modified_gmt":"2024-02-28T10:40:29","slug":"dienstverlening","status":"publish","type":"page","link":"https:\/\/payrollinspain.com\/de\/dienstverlening\/","title":{"rendered":"Dienstverlening"},"content":{"rendered":"<p>[et_pb_section fb_built=&#8220;1&#8243; _builder_version=&#8220;4.24.0&#8243; _module_preset=&#8220;default&#8220; background_enable_image=&#8220;off&#8220; background_repeat=&#8220;repeat-x&#8220; custom_margin=&#8220;0px||0px||false|false&#8220; custom_padding=&#8220;0px||0px||false|false&#8220; global_colors_info=&#8220;{}&#8220;][et_pb_row _builder_version=&#8220;4.24.0&#8243; _module_preset=&#8220;default&#8220; width=&#8220;100%&#8220; max_width=&#8220;100%&#8220; custom_margin=&#8220;0px||0px||false|false&#8220; custom_padding=&#8220;0px||0px||false|false&#8220; global_colors_info=&#8220;{}&#8220;][et_pb_column type=&#8220;4_4&#8243; _builder_version=&#8220;4.24.0&#8243; _module_preset=&#8220;default&#8220; global_colors_info=&#8220;{}&#8220;][et_pb_image src=&#8220;https:\/\/payrollinspain.com\/wp-content\/uploads\/2024\/02\/banner-services-1.jpg&#8220; title_text=&#8220;Dienstverlening&#8220; _builder_version=&#8220;4.24.0&#8243; _module_preset=&#8220;default&#8220; hover_enabled=&#8220;0&#8243; global_colors_info=&#8220;{}&#8220; alt=&#8220;Dienstverlening&#8220; align=&#8220;center&#8220; force_fullwidth=&#8220;on&#8220; sticky_enabled=&#8220;0&#8243;][\/et_pb_image][\/et_pb_column][\/et_pb_row][\/et_pb_section][et_pb_section fb_built=&#8220;1&#8243; _builder_version=&#8220;4.24.0&#8243; _module_preset=&#8220;default&#8220; custom_padding=&#8220;40px||40px||false|false&#8220; global_colors_info=&#8220;{}&#8220;][et_pb_row _builder_version=&#8220;4.24.0&#8243; _module_preset=&#8220;default&#8220; width=&#8220;90%&#8220; max_width=&#8220;1170px&#8220; global_colors_info=&#8220;{}&#8220;][et_pb_column type=&#8220;4_4&#8243; _builder_version=&#8220;4.24.0&#8243; _module_preset=&#8220;default&#8220; global_colors_info=&#8220;{}&#8220;][et_pb_heading title=&#8220;Dienstverlening&#8220; _builder_version=&#8220;4.24.0&#8243; _module_preset=&#8220;default&#8220; title_font=&#8220;|800|||||||&#8220; title_text_align=&#8220;center&#8220; title_text_color=&#8220;#00afd7&#8243; title_font_size=&#8220;45px&#8220; global_colors_info=&#8220;{}&#8220;][\/et_pb_heading][et_pb_toggle title=&#8220;Beratung Bei Der Lohn- Und Gehaltsabwicklung Durch Experten&#8220; open_toggle_text_color=&#8220;#000000&#8243; closed_toggle_text_color=&#8220;#000000&#8243; icon_color=&#8220;#00afd7&#8243; toggle_icon=&#8220;&#xf055;||fa||900&#8243; use_icon_font_size=&#8220;on&#8220; icon_font_size=&#8220;22px&#8220; open_icon_color=&#8220;#00afd7&#8243; open_toggle_icon=&#8220;&#xf056;||fa||900&#8243; open_use_icon_font_size=&#8220;on&#8220; open_icon_font_size=&#8220;25px&#8220; module_class=&#8220;pa-toggle-icon-left&#8220; _builder_version=&#8220;4.24.0&#8243; _module_preset=&#8220;default&#8220; title_font=&#8220;|700|||||||&#8220; closed_title_font=&#8220;|700|||||||&#8220; background_color=&#8220;#FFFFFF&#8220; border_radii=&#8220;on|7px|7px|7px|7px&#8220; global_colors_info=&#8220;{}&#8220;]<\/p>\n<p style=\"text-align: justify;\"><em>&#8222;Wir sind der Ansicht, dass unsere Dienstleistungen bei der Lohn- und Gehaltsabwicklung Sie dabei unterst\u00fctzen, einen der wichtigsten Werte Ihres Unternehmens zu erhalten, Ihre Angestellten. Deshalb k\u00fcmmern wir uns um jedes Detail, und das ist der Grund daf\u00fcr, dass viele internationale Unternehmen uns vertrauen.&#8220;<\/em><em><\/em><\/p>\n<p style=\"text-align: justify;\"><strong>Unsere Dienstleistung umfasst alles, was bei der Abrechnung und Abwicklung von L\u00f6hnen und Geh\u00e4ltern in spanischen Unternehmen notwendig ist.<\/strong><\/p>\n<p style=\"text-align: justify;\">Wir beraten Sie auch \u00fcber die Kosten, die bei der Einstellung von Mitarbeitern in Spanien entstehen. So fallen beispielsweise f\u00fcr einen Arbeitgeber, der in Spanien Mitarbeiter einstellt, ungef\u00e4hr 30 % des Bruttogehalts als Kosten f\u00fcr die Sozialabgaben an. Wir kl\u00e4ren Sie \u00fcber alle Optionen auf und finden die beste L\u00f6sung f\u00fcr Ihren Gesch\u00e4ftsbereich.<\/p>\n<p style=\"text-align: justify;\">Im Rahmen unserer Dienstleistungen zur Lohn- und Gehaltsabwicklung erstellen wir Ihnen einen monatlichen Bericht und eine Abrechnung, und wir wickeln die Zahlung der Sozialabgaben und der Einkommenssteuer bei F\u00e4lligkeit ab.<\/p>\n<p style=\"text-align: justify;\">Bei der Einstellung von Personal in Spanien f\u00e4llt sehr viel Verwaltungsaufwand an, um sicherzustellen, dass die Angestellten und das Unternehmen die spanischen Vorschriften erf\u00fcllen. Falls diese Vorschriften nicht korrekt erf\u00fcllt werden, kann dies zu hohen Geldbu\u00dfen f\u00fcr das Unternehmen f\u00fchren. Wir beraten Sie dar\u00fcber, was getan werden muss, und wir helfen Ihnen bei allen notwendigen Anmeldungen und Eintr\u00e4gen.<\/p>\n<p style=\"text-align: justify;\">Die Gesetze zum Schutz des Arbeitnehmers in Spanien sind relativ streng. Deshalb ist es wichtig, dass Sie den richtigen Vertrag abschlie\u00dfen, der sowohl f\u00fcr den Angestellten als auch f\u00fcr Sie die geeignete Option darstellt. Wir beraten Sie bei der Auswahl der besten Vertragsoption.<\/p>\n<p style=\"text-align: justify;\"><strong>ROSCLAR \u00fcbernimmt die Verwaltung, den Aufbau, die Berechnung und die Validierung aller Schritte in Ihrer Lohn- und Gehaltsabwicklung.<\/strong><\/p>\n<p style=\"text-align: justify;\"><strong>Wir bieten au\u00dferdem statistische Lohn- und Gehaltsabrechnung f\u00fcr den Bezug des Gehalts im Heimatland an (Shadow Payroll)<\/strong><\/p>\n<p style=\"text-align: justify;\"><strong><\/strong><\/p>\n<p style=\"text-align: justify;\"><strong>Anpassung des Hauptbuchs<\/strong><br \/>\nDiese Dienstleistung ist sehr beliebt bei unseren Kunden. Es handelt sich um einen individuellen Service, den wir den Kunden anbieten, die eine einzige spezifische Datei ben\u00f6tigen. Jede Datei ist anders, denn sie wird auf Anfrage f\u00fcr die Kunden erstellt.<\/p>\n<p style=\"text-align: justify;\"><strong>Service f\u00fcr Geldbewegungen (gesetzlich vorgeschriebene Zahlungen und Zahlungen an Angestellte)<\/strong><br \/>Falls Sie kein Bankkonto in Spanien besitzen oder diesen Teil des Prozesses uns \u00fcberlassen m\u00f6chten, bieten wir unseren Kunden die M\u00f6glichkeit, unsere Bankkonten zu nutzen, um so die Zahlungen an ihre Angestellten und die gesetzlich vorgeschriebenen Zahlungen an Dritte, beispielsweise an Sozialversicherungstr\u00e4ger und Finanzamt, durchzuf\u00fchren. Falls Sie mehr \u00fcber diese Dienstleistung erfahren m\u00f6chten, setzen Sie sich bitte per E-Mail mit uns in Verbindung.<\/p>\n<p style=\"text-align: justify;\"><strong>Treuhandkonto f\u00fcr Kunden<\/strong><br \/>Einige unserer Kunden beauftragen uns auch mit anderen Zahlungen als den gesetzlich vorgeschriebenen. Wir bieten Ihnen die M\u00f6glichkeit, ein Bankkonto f\u00fcr Sie zu er\u00f6ffnen, von dem aus Zahlungen f\u00fcr Leasing, Miete, Telefonrechnung usw. geleistet werden. Falls Sie mehr erfahren m\u00f6chten, schreiben Sie uns eine E-Mail.<\/p>\n<p style=\"text-align: justify;\"><strong>Gesetzlicher Vertreter in Spanien<\/strong><br \/>Abh\u00e4ngig von der Struktur und Gestaltung Ihres Unternehmens ben\u00f6tigen Sie m\u00f6glicherweise einen gesetzlichen Vertreter, der Sie vor den Steuerbeh\u00f6rden vertritt, oder Sie ben\u00f6tigen unter Umst\u00e4nden eine spanische Postadresse.<\/p>\n<p style=\"text-align: justify;\"><strong>Er\u00f6ffnung eines Gesch\u00e4ftskontos bei einer Bank<\/strong><br \/>Falls notwendig, er\u00f6ffnen wir ein Bankkonto auf Ihren Namen, ohne dass Sie dazu nach Spanien kommen m\u00fcssen. Diese Dienstleistung wird auf Anfrage angeboten. Falls Sie mehr erfahren m\u00f6chten, senden Sie uns eine E-Mail.<\/p>\n<p>[\/et_pb_toggle][et_pb_toggle title=&#8220;Elektronische Buchf\u00fchrung&#8220; open_toggle_text_color=&#8220;#000000&#8243; closed_toggle_text_color=&#8220;#000000&#8243; icon_color=&#8220;#00afd7&#8243; toggle_icon=&#8220;&#xf055;||fa||900&#8243; use_icon_font_size=&#8220;on&#8220; icon_font_size=&#8220;22px&#8220; open_icon_color=&#8220;#00afd7&#8243; open_toggle_icon=&#8220;&#xf056;||fa||900&#8243; open_use_icon_font_size=&#8220;on&#8220; open_icon_font_size=&#8220;25px&#8220; module_class=&#8220;pa-toggle-icon-left&#8220; _builder_version=&#8220;4.24.0&#8243; _module_preset=&#8220;default&#8220; title_font=&#8220;|700|||||||&#8220; closed_title_font=&#8220;|700|||||||&#8220; background_color=&#8220;#FFFFFF&#8220; border_radii=&#8220;on|7px|7px|7px|7px&#8220; global_colors_info=&#8220;{}&#8220;]<\/p>\n<p style=\"text-align: justify;\">Rosclar kann Ihre gesamte Buchf\u00fchrung abwickeln.<\/p>\n<p style=\"text-align: justify;\"><strong>\u00dcbernahme der gesamten Buchhaltung f\u00fcr Firmen und Berufst\u00e4tige in Spanien<\/strong><br \/>Wir f\u00fchren den Jahresabschluss in \u00dcbereinstimmung mit den Grunds\u00e4tzen ordnungsm\u00e4\u00dfiger Buchf\u00fchrung (GoB) durch, Diese Form des Jahresabschlusses kann bei Banken, Investoren und anderen dritten Parteien vorgelegt werden. Die spanischen Grunds\u00e4tze ordnungsm\u00e4\u00dfiger Buchf\u00fchrung gleichen stark den GAAP (\u201eGenerally Accepted Accounting Principles\u201d) in den USA und in Gro\u00dfbritannien.<\/p>\n<p style=\"text-align: justify;\">Wir bieten Ihnen Buchhaltungsdienstleistungen an, die nach den nationalen Qualit\u00e4tsstandards durchgef\u00fchrt werden. Wir sind Mitglied im spanischen Wirtschaftsverband.<\/p>\n<p style=\"text-align: justify;\">Ebenso sind wir Mitglied der <a href=\"http:\/\/www.google.com\/url?sa=t&amp;source=web&amp;cd=1&amp;ved=0CBYQFjAA&amp;url=http%3A%2F%2Fwww.britishchamberspain.com%2F&amp;ei=Q1piTa-4KIWu8gP5wsXxCA&amp;usg=AFQjCNEKACxAG6Qnc6AU9Ca6zbIGdL0n3w\" target=\"_blank\" title=\"British Chamber of Commerce in Spain \" rel=\"noopener\">British Chamber of Commerce in Spain.<\/a><\/p>\n<p>[\/et_pb_toggle][et_pb_toggle title=&#8220;Steuerberatung&#8220; open_toggle_text_color=&#8220;#000000&#8243; closed_toggle_text_color=&#8220;#000000&#8243; icon_color=&#8220;#00afd7&#8243; toggle_icon=&#8220;&#xf055;||fa||900&#8243; use_icon_font_size=&#8220;on&#8220; icon_font_size=&#8220;22px&#8220; open_icon_color=&#8220;#00afd7&#8243; open_toggle_icon=&#8220;&#xf056;||fa||900&#8243; open_use_icon_font_size=&#8220;on&#8220; open_icon_font_size=&#8220;25px&#8220; module_class=&#8220;pa-toggle-icon-left&#8220; _builder_version=&#8220;4.24.0&#8243; _module_preset=&#8220;default&#8220; title_font=&#8220;|700|||||||&#8220; closed_title_font=&#8220;|700|||||||&#8220; background_color=&#8220;#FFFFFF&#8220; border_radii=&#8220;on|7px|7px|7px|7px&#8220; global_colors_info=&#8220;{}&#8220; title__hover_enabled=&#8220;off|desktop&#8220;]<\/p>\n<p style=\"text-align: justify;\">Rosclar bietet Ihnen an, Ihre Steuererkl\u00e4rung f\u00fcr Sie abzugeben. M\u00f6glicherweise haben Sie bereits Ihre eigenen Rechnungslegungsrichtlinien und ben\u00f6tigen uns nur, um Ihre Steuererkl\u00e4rung beim Finanzamt vorzulegen.<\/p>\n<p style=\"text-align: justify;\">Rosclar bietet verschiedene Beratungsdienstleistungen f\u00fcr Kunden mit und ohne Abonnement an. Wir verf\u00fcgen \u00fcber ausreichend Wissen, um Sie in verschiedenen Bereichen effizient bedienen zu k\u00f6nnen. Sie k\u00f6nnen unseren Steuerberatern alle Fragen stellen, die Sie zum Thema Steuern in Spanien haben.<\/p>\n<p>[\/et_pb_toggle][et_pb_toggle title=&#8220;Aufl\u00f6sung Ihrer spanischen Aktiengesellschaft&#8220; open_toggle_text_color=&#8220;#000000&#8243; closed_toggle_text_color=&#8220;#000000&#8243; icon_color=&#8220;#00afd7&#8243; toggle_icon=&#8220;&#xf055;||fa||900&#8243; use_icon_font_size=&#8220;on&#8220; icon_font_size=&#8220;22px&#8220; open_icon_color=&#8220;#00afd7&#8243; open_toggle_icon=&#8220;&#xf056;||fa||900&#8243; open_use_icon_font_size=&#8220;on&#8220; open_icon_font_size=&#8220;25px&#8220; module_class=&#8220;pa-toggle-icon-left&#8220; _builder_version=&#8220;4.24.0&#8243; _module_preset=&#8220;default&#8220; title_font=&#8220;|700|||||||&#8220; closed_title_font=&#8220;|700|||||||&#8220; background_color=&#8220;#FFFFFF&#8220; border_radii=&#8220;on|7px|7px|7px|7px&#8220; global_colors_info=&#8220;{}&#8220;]<\/p>\n<p style=\"text-align: justify;\"><span>Dieser Prozess wird auch als freiwillige Aufl\u00f6sung bezeichnet. Es handelt sich um einen Prozess, der im Rahmen des Aktiengesetzes durchgef\u00fchrt wird, um ein Unternehmen aus dem Unternehmensregister zu l\u00f6schen. Das ist typisch f\u00fcr eine stille Gesellschaft. Bitte nehmen Sie zur Kenntnis, dass es sich dabei nicht um ein Insolvenzverfahren handelt.<\/span><\/p>\n<p style=\"text-align: justify;\"><span>Wenn das Unternehmen keinem sinnvollen Zweck dient, entf\u00e4llt durch die Aufl\u00f6sung die Notwendigkeit, Jahresabschl\u00fcsse und Bilanzen vorzulegen.<\/span><span>Das Unternehmen kann nur aufgel\u00f6st, also aus dem Unternehmensregister gel\u00f6scht werden, wenn die rechtlichen Voraussetzungen daf\u00fcr vorliegen. Bitte schildern Sie unseren Beratern Ihren speziellen Fall und wir geben Ihnen die entsprechende Antwort.<\/span><\/p>\n<p>[\/et_pb_toggle][et_pb_toggle title=&#8220;Steuerpr\u00fcfung&#8220; open_toggle_text_color=&#8220;#000000&#8243; closed_toggle_text_color=&#8220;#000000&#8243; icon_color=&#8220;#00afd7&#8243; toggle_icon=&#8220;&#xf055;||fa||900&#8243; use_icon_font_size=&#8220;on&#8220; icon_font_size=&#8220;25px&#8220; open_icon_color=&#8220;#00afd7&#8243; open_toggle_icon=&#8220;&#xf056;||fa||900&#8243; open_use_icon_font_size=&#8220;on&#8220; open_icon_font_size=&#8220;22px&#8220; module_class=&#8220;pa-toggle-icon-left&#8220; _builder_version=&#8220;4.24.0&#8243; _module_preset=&#8220;default&#8220; title_font=&#8220;|700|||||||&#8220; closed_title_font=&#8220;|700|||||||&#8220; background_color=&#8220;#FFFFFF&#8220; border_radii=&#8220;on|7px|7px|7px|7px&#8220; global_colors_info=&#8220;{}&#8220;]<\/p>\n<p style=\"text-align: justify;\"><span>Falls Sie in Spanien einer Steuerpr\u00fcfung unterzogen werden, k\u00f6nnen wir Ihnen mit unserer Erfahrung und unserem Wissen zur Seite stehen. Unsere Steuerberater helfen Ihnen gerne weiter.<\/span><\/p>\n<p>[\/et_pb_toggle][\/et_pb_column][\/et_pb_row][\/et_pb_section]<\/p>\n","protected":false},"excerpt":{"rendered":"<p>&#8222;Wir sind der Ansicht, dass unsere Dienstleistungen bei der Lohn- und Gehaltsabwicklung Sie dabei unterst\u00fctzen, einen der wichtigsten Werte Ihres Unternehmens zu erhalten, Ihre Angestellten. Deshalb k\u00fcmmern wir uns um jedes Detail, und das ist der Grund daf\u00fcr, dass viele internationale Unternehmen uns vertrauen.&#8220; Unsere Dienstleistung umfasst alles, was bei der Abrechnung und Abwicklung von [&hellip;]<\/p>\n","protected":false},"author":1,"featured_media":0,"parent":0,"menu_order":2,"comment_status":"closed","ping_status":"closed","template":"","meta":{"_et_pb_use_builder":"on","_et_pb_old_content":"","_et_gb_content_width":"","footnotes":""},"class_list":["post-71643","page","type-page","status-publish","hentry"],"yoast_head":"<!-- This site is optimized with the Yoast SEO plugin v27.4 - https:\/\/yoast.com\/product\/yoast-seo-wordpress\/ -->\n<title>Dienstverlening - Payroll in Spain<\/title>\n<meta name=\"robots\" content=\"index, follow, max-snippet:-1, max-image-preview:large, max-video-preview:-1\" \/>\n<link rel=\"canonical\" href=\"https:\/\/payrollinspain.com\/services\/\" \/>\n<meta property=\"og:locale\" content=\"de_DE\" \/>\n<meta property=\"og:type\" content=\"article\" \/>\n<meta property=\"og:title\" content=\"Dienstverlening - Payroll in Spain\" \/>\n<meta property=\"og:description\" content=\"&quot;Wir sind der Ansicht, dass unsere Dienstleistungen bei der Lohn- und Gehaltsabwicklung Sie dabei unterst\u00fctzen, einen der wichtigsten Werte Ihres Unternehmens zu erhalten, Ihre Angestellten. Deshalb k\u00fcmmern wir uns um jedes Detail, und das ist der Grund daf\u00fcr, dass viele internationale Unternehmen uns vertrauen.&quot; Unsere Dienstleistung umfasst alles, was bei der Abrechnung und Abwicklung von [&hellip;]\" \/>\n<meta property=\"og:url\" content=\"https:\/\/payrollinspain.com\/services\/\" \/>\n<meta property=\"og:site_name\" content=\"Payroll in Spain\" \/>\n<meta property=\"article:modified_time\" content=\"2024-02-28T10:40:29+00:00\" \/>\n<meta name=\"twitter:card\" content=\"summary_large_image\" \/>\n<meta name=\"twitter:label1\" content=\"Gesch\u00e4tzte Lesezeit\" \/>\n\t<meta name=\"twitter:data1\" content=\"7\u00a0Minuten\" \/>\n<script type=\"application\/ld+json\" class=\"yoast-schema-graph\">{\"@context\":\"https:\\\/\\\/schema.org\",\"@graph\":[{\"@type\":\"WebPage\",\"@id\":\"https:\\\/\\\/payrollinspain.com\\\/services\\\/\",\"url\":\"https:\\\/\\\/payrollinspain.com\\\/services\\\/\",\"name\":\"Dienstverlening - Payroll in Spain\",\"isPartOf\":{\"@id\":\"https:\\\/\\\/payrollinspain.com\\\/#website\"},\"datePublished\":\"2024-02-07T17:58:39+00:00\",\"dateModified\":\"2024-02-28T10:40:29+00:00\",\"breadcrumb\":{\"@id\":\"https:\\\/\\\/payrollinspain.com\\\/services\\\/#breadcrumb\"},\"inLanguage\":\"de\",\"potentialAction\":[{\"@type\":\"ReadAction\",\"target\":[\"https:\\\/\\\/payrollinspain.com\\\/services\\\/\"]}]},{\"@type\":\"BreadcrumbList\",\"@id\":\"https:\\\/\\\/payrollinspain.com\\\/services\\\/#breadcrumb\",\"itemListElement\":[{\"@type\":\"ListItem\",\"position\":1,\"name\":\"Home\",\"item\":\"https:\\\/\\\/payrollinspain.com\\\/\"},{\"@type\":\"ListItem\",\"position\":2,\"name\":\"Dienstverlening\"}]},{\"@type\":\"WebSite\",\"@id\":\"https:\\\/\\\/payrollinspain.com\\\/#website\",\"url\":\"https:\\\/\\\/payrollinspain.com\\\/\",\"name\":\"Payroll in Spain\",\"description\":\"\",\"publisher\":{\"@id\":\"https:\\\/\\\/payrollinspain.com\\\/#organization\"},\"potentialAction\":[{\"@type\":\"SearchAction\",\"target\":{\"@type\":\"EntryPoint\",\"urlTemplate\":\"https:\\\/\\\/payrollinspain.com\\\/?s={search_term_string}\"},\"query-input\":{\"@type\":\"PropertyValueSpecification\",\"valueRequired\":true,\"valueName\":\"search_term_string\"}}],\"inLanguage\":\"de\"},{\"@type\":\"Organization\",\"@id\":\"https:\\\/\\\/payrollinspain.com\\\/#organization\",\"name\":\"Payroll in Spain\",\"url\":\"https:\\\/\\\/payrollinspain.com\\\/\",\"logo\":{\"@type\":\"ImageObject\",\"inLanguage\":\"de\",\"@id\":\"https:\\\/\\\/payrollinspain.com\\\/#\\\/schema\\\/logo\\\/image\\\/\",\"url\":\"https:\\\/\\\/payrollinspain.com\\\/wp-content\\\/uploads\\\/2024\\\/03\\\/LogoPrincipalRGB.jpg\",\"contentUrl\":\"https:\\\/\\\/payrollinspain.com\\\/wp-content\\\/uploads\\\/2024\\\/03\\\/LogoPrincipalRGB.jpg\",\"width\":841,\"height\":250,\"caption\":\"Payroll in Spain\"},\"image\":{\"@id\":\"https:\\\/\\\/payrollinspain.com\\\/#\\\/schema\\\/logo\\\/image\\\/\"},\"sameAs\":[\"https:\\\/\\\/www.youtube.com\\\/@rosclarsl6877\"]}]}<\/script>\n<!-- \/ Yoast SEO plugin. -->","yoast_head_json":{"title":"Dienstverlening - Payroll in Spain","robots":{"index":"index","follow":"follow","max-snippet":"max-snippet:-1","max-image-preview":"max-image-preview:large","max-video-preview":"max-video-preview:-1"},"canonical":"https:\/\/payrollinspain.com\/services\/","og_locale":"de_DE","og_type":"article","og_title":"Dienstverlening - Payroll in Spain","og_description":"\"Wir sind der Ansicht, dass unsere Dienstleistungen bei der Lohn- und Gehaltsabwicklung Sie dabei unterst\u00fctzen, einen der wichtigsten Werte Ihres Unternehmens zu erhalten, Ihre Angestellten. Deshalb k\u00fcmmern wir uns um jedes Detail, und das ist der Grund daf\u00fcr, dass viele internationale Unternehmen uns vertrauen.\" Unsere Dienstleistung umfasst alles, was bei der Abrechnung und Abwicklung von [&hellip;]","og_url":"https:\/\/payrollinspain.com\/services\/","og_site_name":"Payroll in Spain","article_modified_time":"2024-02-28T10:40:29+00:00","twitter_card":"summary_large_image","twitter_misc":{"Gesch\u00e4tzte Lesezeit":"7\u00a0Minuten"},"schema":{"@context":"https:\/\/schema.org","@graph":[{"@type":"WebPage","@id":"https:\/\/payrollinspain.com\/services\/","url":"https:\/\/payrollinspain.com\/services\/","name":"Dienstverlening - Payroll in Spain","isPartOf":{"@id":"https:\/\/payrollinspain.com\/#website"},"datePublished":"2024-02-07T17:58:39+00:00","dateModified":"2024-02-28T10:40:29+00:00","breadcrumb":{"@id":"https:\/\/payrollinspain.com\/services\/#breadcrumb"},"inLanguage":"de","potentialAction":[{"@type":"ReadAction","target":["https:\/\/payrollinspain.com\/services\/"]}]},{"@type":"BreadcrumbList","@id":"https:\/\/payrollinspain.com\/services\/#breadcrumb","itemListElement":[{"@type":"ListItem","position":1,"name":"Home","item":"https:\/\/payrollinspain.com\/"},{"@type":"ListItem","position":2,"name":"Dienstverlening"}]},{"@type":"WebSite","@id":"https:\/\/payrollinspain.com\/#website","url":"https:\/\/payrollinspain.com\/","name":"Payroll in Spain","description":"","publisher":{"@id":"https:\/\/payrollinspain.com\/#organization"},"potentialAction":[{"@type":"SearchAction","target":{"@type":"EntryPoint","urlTemplate":"https:\/\/payrollinspain.com\/?s={search_term_string}"},"query-input":{"@type":"PropertyValueSpecification","valueRequired":true,"valueName":"search_term_string"}}],"inLanguage":"de"},{"@type":"Organization","@id":"https:\/\/payrollinspain.com\/#organization","name":"Payroll in Spain","url":"https:\/\/payrollinspain.com\/","logo":{"@type":"ImageObject","inLanguage":"de","@id":"https:\/\/payrollinspain.com\/#\/schema\/logo\/image\/","url":"https:\/\/payrollinspain.com\/wp-content\/uploads\/2024\/03\/LogoPrincipalRGB.jpg","contentUrl":"https:\/\/payrollinspain.com\/wp-content\/uploads\/2024\/03\/LogoPrincipalRGB.jpg","width":841,"height":250,"caption":"Payroll in Spain"},"image":{"@id":"https:\/\/payrollinspain.com\/#\/schema\/logo\/image\/"},"sameAs":["https:\/\/www.youtube.com\/@rosclarsl6877"]}]}},"_links":{"self":[{"href":"https:\/\/payrollinspain.com\/de\/wp-json\/wp\/v2\/pages\/71643","targetHints":{"allow":["GET"]}}],"collection":[{"href":"https:\/\/payrollinspain.com\/de\/wp-json\/wp\/v2\/pages"}],"about":[{"href":"https:\/\/payrollinspain.com\/de\/wp-json\/wp\/v2\/types\/page"}],"author":[{"embeddable":true,"href":"https:\/\/payrollinspain.com\/de\/wp-json\/wp\/v2\/users\/1"}],"replies":[{"embeddable":true,"href":"https:\/\/payrollinspain.com\/de\/wp-json\/wp\/v2\/comments?post=71643"}],"version-history":[{"count":2,"href":"https:\/\/payrollinspain.com\/de\/wp-json\/wp\/v2\/pages\/71643\/revisions"}],"predecessor-version":[{"id":71645,"href":"https:\/\/payrollinspain.com\/de\/wp-json\/wp\/v2\/pages\/71643\/revisions\/71645"}],"wp:attachment":[{"href":"https:\/\/payrollinspain.com\/de\/wp-json\/wp\/v2\/media?parent=71643"}],"curies":[{"name":"wp","href":"https:\/\/api.w.org\/{rel}","templated":true}]}}